{"id":1411,"date":"2021-12-06T11:19:06","date_gmt":"2021-12-06T09:19:06","guid":{"rendered":"https:\/\/moenchipedia.ch\/?page_id=1411"},"modified":"2021-12-06T11:50:56","modified_gmt":"2021-12-06T09:50:56","slug":"abschriften-alter-zeitungsartikel-von-1846-1882","status":"publish","type":"page","link":"https:\/\/moenchipedia.ch\/?page_id=1411","title":{"rendered":"Abschriften alter Zeitungsartikel von 1846 \u2013 1882"},"content":{"rendered":"\n<p>Louis R&uuml;egg sammelte die Ausgaben des &lsquo;Allgemeiner Anzeiger von Uster&rsquo;; die Jahrg&auml;nge sind fast vollst&auml;ndig vorhanden.&nbsp;&nbsp;Neben Kuriosem, Wahlen, Mitteilungen der Gemeinde, Kirche und Schule, Geburten und Todesf&auml;lle sind darin auch Reportagen aus fernen L&auml;ndern enthalten.<\/p>\n\n\n\n<p>Louis R&uuml;egg, 12.07.1920 &ndash; 12.10.2001, wohnhaft gewesen in der Burg, war u.a. Gr&uuml;ndungsmitglied der &lsquo;Vereinigung f&uuml;r Heimatkunde und Heimatschutz&rsquo;, heutiges M&ouml;nchaltorfer Forum.<\/p>\n\n\n\n<p><a href=\"https:\/\/moenchipedia.ch\/wp-content\/uploads\/2021\/11\/1846-1882_Allgemeiner-Anzeiger-von-Uster_gesammelt-und-Abschrift-von-Louis-Rueegg-1-16.pdf\" target=\"_blank\" rel=\"noreferrer noopener\">Teil 1 vom 27.03.1846 &ndash; 30.07.1847<br>Teil 2 vom 31.07.1847 &ndash; 28.07.1849<br>Teil 3 vom 18.08.1849 &ndash; 18.10.1851<br>Teil 4 vom 01.11.1851 &ndash; 28.05.1859<br>Teil 5 vom 08.10.1859 &ndash; 15.02.1862<br>Teil 6 vom 15.03.1862 &ndash; 05.08.1865<br>Teil 7 vom 17.11.1866 &ndash; 05.05.1869<br>Teil 8 vom 08.05.1869 &ndash; 06.03.1872<br>Teil 9 vom 13.03.1872 &ndash; 18.12.1872<br>Teil 10 vom 08.01.1873 &ndash; 28.01.1873<br>Teil 11 vom 18.02.1873 &ndash; 13.10.1877<br>Teil 12 vom 11.02.1880 &ndash; 07.05.1881<br>Teil 13 vom 15.05.1881 &ndash; 30.09.1882  <\/a><\/p>\n ","protected":false},"excerpt":{"rendered":"<p>Louis R\u00fcegg sammelte die Ausgaben des \u2018Allgemeiner Anzeiger von Uster\u2019; die Jahrg\u00e4nge sind fast vollst\u00e4ndig vorhanden.&nbsp;&nbsp;Neben Kuriosem, Wahlen, Mitteilungen der Gemeinde, Kirche und Schule, Geburten und Todesf\u00e4lle sind darin auch Reportagen aus fernen L\u00e4ndern enthalten. Louis R\u00fcegg, 12.07.1920 \u2013 12.10.2001, wohnhaft gewesen in der Burg, war u.a. Gr\u00fcndungsmitglied der \u2018Vereinigung f\u00fcr Heimatkunde und Heimatschutz\u2019, heutiges &hellip; <\/p>\n<p class=\"link-more\"><a href=\"https:\/\/moenchipedia.ch\/?page_id=1411\" class=\"more-link\"><span class=\"screen-reader-text\">&#171;Abschriften alter Zeitungsartikel von 1846 \u2013 1882&#187;<\/span> weiterlesen<\/a><\/p>\n","protected":false},"author":8,"featured_media":1422,"parent":0,"menu_order":0,"comment_status":"closed","ping_status":"closed","template":"","meta":{"footnotes":""},"class_list":["post-1411","page","type-page","status-publish","has-post-thumbnail","hentry"],"_links":{"self":[{"href":"https:\/\/moenchipedia.ch\/index.php?rest_route=\/wp\/v2\/pages\/1411","targetHints":{"allow":["GET"]}}],"collection":[{"href":"https:\/\/moenchipedia.ch\/index.php?rest_route=\/wp\/v2\/pages"}],"about":[{"href":"https:\/\/moenchipedia.ch\/index.php?rest_route=\/wp\/v2\/types\/page"}],"author":[{"embeddable":true,"href":"https:\/\/moenchipedia.ch\/index.php?rest_route=\/wp\/v2\/users\/8"}],"replies":[{"embeddable":true,"href":"https:\/\/moenchipedia.ch\/index.php?rest_route=%2Fwp%2Fv2%2Fcomments&post=1411"}],"version-history":[{"count":7,"href":"https:\/\/moenchipedia.ch\/index.php?rest_route=\/wp\/v2\/pages\/1411\/revisions"}],"predecessor-version":[{"id":1423,"href":"https:\/\/moenchipedia.ch\/index.php?rest_route=\/wp\/v2\/pages\/1411\/revisions\/1423"}],"wp:featuredmedia":[{"embeddable":true,"href":"https:\/\/moenchipedia.ch\/index.php?rest_route=\/wp\/v2\/media\/1422"}],"wp:attachment":[{"href":"https:\/\/moenchipedia.ch\/index.php?rest_route=%2Fwp%2Fv2%2Fmedia&parent=1411"}],"curies":[{"name":"wp","href":"https:\/\/api.w.org\/{rel}","templated":true}]}}