{"id":186,"date":"2018-10-26T12:48:06","date_gmt":"2018-10-26T12:48:06","guid":{"rendered":"https:\/\/moenchipedia.ch\/?page_id=186"},"modified":"2020-03-03T15:35:41","modified_gmt":"2020-03-03T15:35:41","slug":"hilfe","status":"publish","type":"page","link":"https:\/\/moenchipedia.ch\/?page_id=186","title":{"rendered":"Hilfe"},"content":{"rendered":"<p>&nbsp;<\/p>\n<p><a href=\"https:\/\/moenchipedia.ch\/wp-content\/uploads\/2019\/05\/Hilfe-zur-Registration.pdf\" target=\"_blank\" rel=\"noopener noreferrer\">Hilfe zur Registration<\/a><\/p>\n<p><a href=\"https:\/\/moenchipedia.ch\/wp-content\/uploads\/2019\/05\/Hilfe-zu-Beitr%C3%A4ge-erfassen.pdf\" target=\"_blank\" rel=\"noopener noreferrer\">Hilfe zu Beitr&auml;ge erfassen<\/a><\/p>\n<p><a href=\"https:\/\/moenchipedia.ch\/wp-content\/uploads\/2019\/05\/Hilfe-zu-Medien-einf%C3%BCgen.pdf\" target=\"_blank\" rel=\"noopener noreferrer\">Hilfe zu Medien einf&uuml;gen<\/a><\/p>\n<p>Brauchen Sie Hilfe?<br>\nSie k&ouml;nnen Ihre Dokumente, Fotos und Videos uns zustellen:<br>\nfitmoenchaltorf@gmail.com<br>\nTelefon 044 994 94 94<br>\nWir sind f&uuml;r den Eintrag auf der Webseite besorgt.<\/p>\n<p>&nbsp;<\/p>\n<p><a href=\"mailto:\/\/moenchipedia@gmail.com\">Webmaster<\/a><\/p>\n ","protected":false},"excerpt":{"rendered":"<p>&nbsp; Hilfe zur Registration Hilfe zu Beitr\u00e4ge erfassen Hilfe zu Medien einf\u00fcgen Brauchen Sie Hilfe? Sie k\u00f6nnen Ihre Dokumente, Fotos und Videos uns zustellen: fitmoenchaltorf@gmail.com Telefon 044 994 94 94 Wir sind f\u00fcr den Eintrag auf der Webseite besorgt. &nbsp; Webmaster<\/p>\n","protected":false},"author":8,"featured_media":0,"parent":0,"menu_order":0,"comment_status":"closed","ping_status":"closed","template":"","meta":{"footnotes":""},"class_list":["post-186","page","type-page","status-publish","hentry"],"_links":{"self":[{"href":"https:\/\/moenchipedia.ch\/index.php?rest_route=\/wp\/v2\/pages\/186","targetHints":{"allow":["GET"]}}],"collection":[{"href":"https:\/\/moenchipedia.ch\/index.php?rest_route=\/wp\/v2\/pages"}],"about":[{"href":"https:\/\/moenchipedia.ch\/index.php?rest_route=\/wp\/v2\/types\/page"}],"author":[{"embeddable":true,"href":"https:\/\/moenchipedia.ch\/index.php?rest_route=\/wp\/v2\/users\/8"}],"replies":[{"embeddable":true,"href":"https:\/\/moenchipedia.ch\/index.php?rest_route=%2Fwp%2Fv2%2Fcomments&post=186"}],"version-history":[{"count":10,"href":"https:\/\/moenchipedia.ch\/index.php?rest_route=\/wp\/v2\/pages\/186\/revisions"}],"predecessor-version":[{"id":193,"href":"https:\/\/moenchipedia.ch\/index.php?rest_route=\/wp\/v2\/pages\/186\/revisions\/193"}],"wp:attachment":[{"href":"https:\/\/moenchipedia.ch\/index.php?rest_route=%2Fwp%2Fv2%2Fmedia&parent=186"}],"curies":[{"name":"wp","href":"https:\/\/api.w.org\/{rel}","templated":true}]}}