{"id":757,"date":"2021-01-17T17:48:54","date_gmt":"2021-01-17T15:48:54","guid":{"rendered":"https:\/\/moenchipedia.ch\/?page_id=757"},"modified":"2021-01-17T17:58:31","modified_gmt":"2021-01-17T15:58:31","slug":"moenchaltorf-erstmalige-nennung-und-geschichtliche-entwicklung","status":"publish","type":"page","link":"https:\/\/moenchipedia.ch\/?page_id=757","title":{"rendered":"M\u00f6nchaltorf: Erstmalige Nennung und geschichtliche Entwicklung"},"content":{"rendered":"<p><a href=\"https:\/\/moenchipedia.ch\/wp-content\/uploads\/2020\/12\/Nennung-von-Moenchaltorf_Erwerbungen-des-Klosters-St.-Gallen_Internationale-Akademie-fuer-Heraldik_03.09.1953.pdf\">Nennung von M&ouml;nchaltorf_Erwerbungen des Klosters St. Gallen_Internationale Akademie f&uuml;r Heraldik_03.09.1953<\/a><\/p>\n<p>Lesen Sie die Dokumente zur <a href=\"https:\/\/moenchipedia.ch\/wp-content\/uploads\/2020\/12\/Nennung-von-Moenchaltorf_Erwerbungen-des-Klosters-St.-Gallen_Internationale-Akademie-fuer-Heraldik_03.09.1953.pdf\">Erstmaligen Nennung<\/a> von M&ouml;nchaltorf und zur <a href=\"https:\/\/moenchipedia.ch\/wp-content\/uploads\/2020\/12\/Allgemeine-geschichtliche-Entwicklung-der-Gemeinde-Moenchaltorf-von-Ernst-Walder_24.05.1978.pdf\">allgemeinen geschichtlichen Entwicklung von Ernst Walder (1978).<\/a><\/p>\n ","protected":false},"excerpt":{"rendered":"<p>Nennung von M\u00f6nchaltorf_Erwerbungen des Klosters St. Gallen_Internationale Akademie f\u00fcr Heraldik_03.09.1953 Lesen Sie die Dokumente zur Erstmaligen Nennung von M\u00f6nchaltorf und zur allgemeinen geschichtlichen Entwicklung von Ernst Walder (1978).<\/p>\n","protected":false},"author":8,"featured_media":0,"parent":0,"menu_order":0,"comment_status":"closed","ping_status":"closed","template":"","meta":{"footnotes":""},"class_list":["post-757","page","type-page","status-publish","hentry"],"_links":{"self":[{"href":"https:\/\/moenchipedia.ch\/index.php?rest_route=\/wp\/v2\/pages\/757","targetHints":{"allow":["GET"]}}],"collection":[{"href":"https:\/\/moenchipedia.ch\/index.php?rest_route=\/wp\/v2\/pages"}],"about":[{"href":"https:\/\/moenchipedia.ch\/index.php?rest_route=\/wp\/v2\/types\/page"}],"author":[{"embeddable":true,"href":"https:\/\/moenchipedia.ch\/index.php?rest_route=\/wp\/v2\/users\/8"}],"replies":[{"embeddable":true,"href":"https:\/\/moenchipedia.ch\/index.php?rest_route=%2Fwp%2Fv2%2Fcomments&post=757"}],"version-history":[{"count":4,"href":"https:\/\/moenchipedia.ch\/index.php?rest_route=\/wp\/v2\/pages\/757\/revisions"}],"predecessor-version":[{"id":763,"href":"https:\/\/moenchipedia.ch\/index.php?rest_route=\/wp\/v2\/pages\/757\/revisions\/763"}],"wp:attachment":[{"href":"https:\/\/moenchipedia.ch\/index.php?rest_route=%2Fwp%2Fv2%2Fmedia&parent=757"}],"curies":[{"name":"wp","href":"https:\/\/api.w.org\/{rel}","templated":true}]}}