{"id":91,"date":"2018-09-14T15:10:18","date_gmt":"2018-09-14T15:10:18","guid":{"rendered":"https:\/\/moenchipedia.ch\/?page_id=91"},"modified":"2024-12-11T15:21:01","modified_gmt":"2024-12-11T13:21:01","slug":"ueber-uns","status":"publish","type":"page","link":"https:\/\/moenchipedia.ch\/?page_id=91","title":{"rendered":"\u00dcber uns"},"content":{"rendered":"<h1><span style=\"color: #006c6d;\">M&Ouml;NCHALTORFER FORUM<\/span><\/h1>\n<p style=\"text-align: left;\"><span style=\"color: #ffcd40;\"><strong>erhalten. erleben. gestalten.<\/strong><\/span><\/p>\n<p style=\"text-align: left;\"><a href=\"https:\/\/www.moenchaltorfer-forum.ch\/\">https:\/\/www.moenchaltorfer-forum.ch\/<\/a><\/p>\n<h1 style=\"text-align: left;\"><span style=\"color: #006c6d;\">Vorstand:<\/span><\/h1>\n<h3><span style=\"color: #3366ff;\"><span style=\"color: #006c6c;\">Annemarie Beglinger<\/span><\/span><\/h3>\n<p>Pr&auml;sidentin, Webseite<\/p>\n<h3><span style=\"color: #006c6c;\">Paul Boschung<\/span><strong><br>\n<\/strong><\/h3>\n<p><span class=\"wixui-rich-text__text\">Vizepr&auml;sident, Archiv<\/span><\/p>\n<h3><span style=\"color: #3366ff;\"><span style=\"color: #006c6c;\">Hansj&ouml;rg Frei<\/span><\/span><strong><span style=\"color: #3366ff;\"><br>\n<\/span><\/strong><\/h3>\n<p><span style=\"color: #3366ff;\"><span style=\"color: #000000;\">Dorfgeschichte<\/span><\/span><\/p>\n<h3><span style=\"color: #3366ff;\"><span style=\"color: #006c6c;\">Marianne Grunder<\/span><\/span><\/h3>\n<p><span style=\"color: #3366ff;\"><span style=\"color: #000000;\">F<\/span><\/span><span style=\"color: #3366ff;\"><span style=\"color: #000000;\">inanzen<\/span><strong><br>\n<\/strong><\/span><\/p>\n<h3><span style=\"color: #006c6c;\">Felix Hess<\/span><\/h3>\n<p>Dorfgeschichte<\/p>\n<h3><span style=\"color: #3366ff;\"><span style=\"color: #006c6c;\">Peter Toggweiler<\/span><\/span><\/h3>\n<p><span style=\"color: #000000;\">Bauinventar, IT<\/span><\/p>\n<h3><span style=\"color: #3366ff;\"><span style=\"color: #006c6c;\">Sina Lampinen<\/span><\/span><\/h3>\n<p><span style=\"color: #3366ff;\"><span style=\"color: #000000;\">Archivarin<\/span><\/span><\/p>\n<p>&nbsp;<\/p>\n<ul>\n<li>\n<h1><span style=\"color: #006c6d;\">Betreuung Webseite<br>\n<\/span><\/h1>\n<h3><span style=\"color: #006c6c;\">Toni Fischer<\/span><\/h3>\n<\/li>\n<\/ul>\n<p>&nbsp;<\/p>\n ","protected":false},"excerpt":{"rendered":"<p>M\u00d6NCHALTORFER FORUM erhalten. erleben. gestalten. https:\/\/www.moenchaltorfer-forum.ch\/ Vorstand: Annemarie Beglinger Pr\u00e4sidentin, Webseite Paul Boschung Vizepr\u00e4sident, Archiv Hansj\u00f6rg Frei Dorfgeschichte Marianne Grunder Finanzen Felix Hess Dorfgeschichte Peter Toggweiler Bauinventar, IT Sina Lampinen Archivarin &nbsp; Betreuung Webseite Toni Fischer &nbsp;<\/p>\n","protected":false},"author":2,"featured_media":0,"parent":0,"menu_order":0,"comment_status":"closed","ping_status":"closed","template":"","meta":{"footnotes":""},"class_list":["post-91","page","type-page","status-publish","hentry"],"_links":{"self":[{"href":"https:\/\/moenchipedia.ch\/index.php?rest_route=\/wp\/v2\/pages\/91","targetHints":{"allow":["GET"]}}],"collection":[{"href":"https:\/\/moenchipedia.ch\/index.php?rest_route=\/wp\/v2\/pages"}],"about":[{"href":"https:\/\/moenchipedia.ch\/index.php?rest_route=\/wp\/v2\/types\/page"}],"author":[{"embeddable":true,"href":"https:\/\/moenchipedia.ch\/index.php?rest_route=\/wp\/v2\/users\/2"}],"replies":[{"embeddable":true,"href":"https:\/\/moenchipedia.ch\/index.php?rest_route=%2Fwp%2Fv2%2Fcomments&post=91"}],"version-history":[{"count":15,"href":"https:\/\/moenchipedia.ch\/index.php?rest_route=\/wp\/v2\/pages\/91\/revisions"}],"predecessor-version":[{"id":1473,"href":"https:\/\/moenchipedia.ch\/index.php?rest_route=\/wp\/v2\/pages\/91\/revisions\/1473"}],"wp:attachment":[{"href":"https:\/\/moenchipedia.ch\/index.php?rest_route=%2Fwp%2Fv2%2Fmedia&parent=91"}],"curies":[{"name":"wp","href":"https:\/\/api.w.org\/{rel}","templated":true}]}}